{"id":4538,"date":"2025-09-09T17:25:15","date_gmt":"2025-09-09T17:25:15","guid":{"rendered":"https:\/\/ararattabacaria.com.br\/?post_type=product&#038;p=4538"},"modified":"2025-10-14T01:50:08","modified_gmt":"2025-10-14T01:50:08","slug":"heets-turquoise","status":"publish","type":"product","link":"https:\/\/ararattabacaria.com.br\/en\/product\/heets-turquoise\/","title":{"rendered":"HEETS Turquoise"},"content":{"rendered":"<p>Os IQOS HEETS s\u00e3o palitos de tabaco verdadeiro projetados para a linha de produtos IQOS &#8216;Heat Not Burn&#8217;.<\/p>\n<p>R\u00f3tulo turquesa HEETS &#8211; Mentol fresco.<\/p>\n<p>A IQOS desenvolveu uma alternativa para fumantes adultos que, de outra forma, continuariam fumando e desejam desfrutar do verdadeiro sabor do tabaco sem a fuma\u00e7a ou as cinzas dos cigarros. Este produto n\u00e3o se destina a n\u00e3o fumantes ou ex-fumantes e \u00e9 compat\u00edvel apenas com o dispositivo IQOS.<\/p>\n<p>Insira um stick HEETS no suporte IQOS, pressione o bot\u00e3o e o stick de tabaco ser\u00e1 aquecido a uma temperatura precisa de 350 \u00b0C pelo elemento de aquecimento controlado dentro do suporte IQOS. Isso libera o verdadeiro sabor do tabaco atrav\u00e9s de um vapor contendo nicotina, sem queimar o tabaco ou gerar fuma\u00e7a. Assim como um cigarro tradicional, cada sess\u00e3o dura cerca de 6 minutos, o que equivale a aproximadamente 14 tragadas por stick de tabaco.<\/p>\n<p>Esta caixa de TURQUOISE HEETS inclui 20 varetas de tabaco. Voc\u00ea tamb\u00e9m pode compr\u00e1-la em um pacote m\u00faltiplo de 200 unidades .<\/p>\n<p>Cada bast\u00e3o HEETS cont\u00e9m 0,5 mg de nicotina. Outras op\u00e7\u00f5es de sabores est\u00e3o dispon\u00edveis, incluindo HEETS Mauve , HEETS Teak e HEETS Turquoise .<\/p>\n<p>Utilize somente de acordo com as instru\u00e7\u00f5es fornecidas e certifique-se de que o produto esteja fora do alcance de crian\u00e7as.<\/p>","protected":false},"excerpt":{"rendered":"<p>Os IQOS HEETS s\u00e3o palitos de tabaco verdadeiro projetados para a linha de produtos IQOS &#8216;Heat Not Burn&#8217;.<\/p>\n<p>R\u00f3tulo turquesa HEETS &#8211; Mentol fresco.<\/p>\n<p>A IQOS desenvolveu uma alternativa para fumantes adultos que, de outra forma, continuariam fumando e desejam desfrutar do verdadeiro sabor do tabaco sem a fuma\u00e7a ou as cinzas dos cigarros. Este produto n\u00e3o se destina a n\u00e3o fumantes ou ex-fumantes e \u00e9 compat\u00edvel apenas com o dispositivo IQOS.<\/p>\n<p>Insira um stick HEETS no suporte IQOS, pressione o bot\u00e3o e o stick de tabaco ser\u00e1 aquecido a uma temperatura precisa de 350 \u00b0C pelo elemento de aquecimento controlado dentro do suporte IQOS. Isso libera o verdadeiro sabor do tabaco atrav\u00e9s de um vapor contendo nicotina, sem queimar o tabaco ou gerar fuma\u00e7a. Assim como um cigarro tradicional, cada sess\u00e3o dura cerca de 6 minutos, o que equivale a aproximadamente 14 tragadas por stick de tabaco.<\/p>\n<p>Esta caixa de TURQUOISE HEETS inclui 20 varetas de tabaco. Voc\u00ea tamb\u00e9m pode compr\u00e1-la em um pacote m\u00faltiplo de 200 unidades .<\/p>\n<p>Cada bast\u00e3o HEETS cont\u00e9m 0,5 mg de nicotina. Outras op\u00e7\u00f5es de sabores est\u00e3o dispon\u00edveis, incluindo HEETS Mauve , HEETS Teak e HEETS Turquoise .<\/p>\n<p>Utilize somente de acordo com as instru\u00e7\u00f5es fornecidas e certifique-se de que o produto esteja fora do alcance de crian\u00e7as.<\/p>","protected":false},"featured_media":4513,"comment_status":"open","ping_status":"closed","template":"","meta":{"site-sidebar-layout":"default","site-content-layout":"","ast-site-content-layout":"default","site-content-style":"default","site-sidebar-style":"default","ast-global-header-display":"","ast-banner-title-visibility":"","ast-main-header-display":"","ast-hfb-above-header-display":"","ast-hfb-below-header-display":"","ast-hfb-mobile-header-display":"","site-post-title":"","ast-breadcrumbs-content":"","ast-featured-img":"","footer-sml-layout":"","ast-disable-related-posts":"","theme-transparent-header-meta":"default","adv-header-id-meta":"","stick-header-meta":"","header-above-stick-meta":"","header-main-stick-meta":"","header-below-stick-meta":"","astra-migrate-meta-layouts":"set","ast-page-background-enabled":"default","ast-page-background-meta":{"desktop":{"background-color":"","background-image":"","background-repeat":"repeat","background-position":"center center","background-size":"auto","background-attachment":"scroll","background-type":"","background-media":"","overlay-type":"","overlay-color":"","overlay-opacity":"","overlay-gradient":""},"tablet":{"background-color":"","background-image":"","background-repeat":"repeat","background-position":"center center","background-size":"auto","background-attachment":"scroll","background-type":"","background-media":"","overlay-type":"","overlay-color":"","overlay-opacity":"","overlay-gradient":""},"mobile":{"background-color":"","background-image":"","background-repeat":"repeat","background-position":"center center","background-size":"auto","background-attachment":"scroll","background-type":"","background-media":"","overlay-type":"","overlay-color":"","overlay-opacity":"","overlay-gradient":""}},"ast-content-background-meta":{"desktop":{"background-color":"var(--ast-global-color-5)","background-image":"","background-repeat":"repeat","background-position":"center center","background-size":"auto","background-attachment":"scroll","background-type":"","background-media":"","overlay-type":"","overlay-color":"","overlay-opacity":"","overlay-gradient":""},"tablet":{"background-color":"var(--ast-global-color-5)","background-image":"","background-repeat":"repeat","background-position":"center center","background-size":"auto","background-attachment":"scroll","background-type":"","background-media":"","overlay-type":"","overlay-color":"","overlay-opacity":"","overlay-gradient":""},"mobile":{"background-color":"var(--ast-global-color-5)","background-image":"","background-repeat":"repeat","background-position":"center center","background-size":"auto","background-attachment":"scroll","background-type":"","background-media":"","overlay-type":"","overlay-color":"","overlay-opacity":"","overlay-gradient":""}}},"product_brand":[],"product_cat":[62],"product_tag":[],"class_list":{"0":"post-4538","1":"product","2":"type-product","3":"status-publish","4":"has-post-thumbnail","6":"product_cat-heets","7":"desktop-align-left","8":"tablet-align-left","9":"mobile-align-left","11":"first","12":"outofstock","13":"shipping-taxable","14":"purchasable","15":"product-type-variable"},"_links":{"self":[{"href":"https:\/\/ararattabacaria.com.br\/en\/wp-json\/wp\/v2\/product\/4538","targetHints":{"allow":["GET"]}}],"collection":[{"href":"https:\/\/ararattabacaria.com.br\/en\/wp-json\/wp\/v2\/product"}],"about":[{"href":"https:\/\/ararattabacaria.com.br\/en\/wp-json\/wp\/v2\/types\/product"}],"replies":[{"embeddable":true,"href":"https:\/\/ararattabacaria.com.br\/en\/wp-json\/wp\/v2\/comments?post=4538"}],"version-history":[{"count":2,"href":"https:\/\/ararattabacaria.com.br\/en\/wp-json\/wp\/v2\/product\/4538\/revisions"}],"predecessor-version":[{"id":4977,"href":"https:\/\/ararattabacaria.com.br\/en\/wp-json\/wp\/v2\/product\/4538\/revisions\/4977"}],"wp:featuredmedia":[{"embeddable":true,"href":"https:\/\/ararattabacaria.com.br\/en\/wp-json\/wp\/v2\/media\/4513"}],"wp:attachment":[{"href":"https:\/\/ararattabacaria.com.br\/en\/wp-json\/wp\/v2\/media?parent=4538"}],"wp:term":[{"taxonomy":"product_brand","embeddable":true,"href":"https:\/\/ararattabacaria.com.br\/en\/wp-json\/wp\/v2\/product_brand?post=4538"},{"taxonomy":"product_cat","embeddable":true,"href":"https:\/\/ararattabacaria.com.br\/en\/wp-json\/wp\/v2\/product_cat?post=4538"},{"taxonomy":"product_tag","embeddable":true,"href":"https:\/\/ararattabacaria.com.br\/en\/wp-json\/wp\/v2\/product_tag?post=4538"}],"curies":[{"name":"wp","href":"https:\/\/api.w.org\/{rel}","templated":true}]}}