{"id":4543,"date":"2025-09-09T17:47:22","date_gmt":"2025-09-09T17:47:22","guid":{"rendered":"https:\/\/ararattabacaria.com.br\/?post_type=product&#038;p=4543"},"modified":"2026-04-07T14:24:19","modified_gmt":"2026-04-07T14:24:19","slug":"iqos-iluma","status":"publish","type":"product","link":"https:\/\/ararattabacaria.com.br\/en\/product\/iqos-iluma\/","title":{"rendered":"IQOS Iluma"},"content":{"rendered":"<p>IQOS Iluma<\/p>\n<p>A linha IQOS ILUMA \u00e9 o chamado Iqos 4.0 &#8211; a quarta gera\u00e7\u00e3o dos dispositivos que esquentam sem queimar mais populares do mundo, que entraram no mercado em 2021-2022.<\/p>\n<p>O modelo mais recente de 2021, IQOS Iluma, leva o apelo do tabaco que n\u00e3o queima a um novo patamar com a nova tecnologia Smart Core Induction System&#x2122;, mantendo a tecnologia original do IQOS que aquece as folhas de tabaco diretamente de dentro.<\/p>\n<p>Com uma nova estrutura sem l\u00e2minas, n\u00e3o h\u00e1 necessidade de se preocupar com danos \u00e0s l\u00e2minas e n\u00e3o h\u00e1 necessidade de limpeza problem\u00e1tica ap\u00f3s o uso.<\/p>\n<p>O IQOS Iluma possui um design familiar, que pode ser considerado um modelo padr\u00e3o da linha IQOS, mas que evoluiu bastante. Conseguimos uma sensa\u00e7\u00e3o simples que se adapta confortavelmente ao seu estilo de vida.<\/p>\n<p>O dispositivo pode ser usado duas vezes continuamente. Ele tamb\u00e9m possui uma fun\u00e7\u00e3o de inicializa\u00e7\u00e3o autom\u00e1tica que inicia o aquecimento automaticamente.<\/p>\n<p>O IQOS Iluma foi projetado para uso exclusivo com o Smart Core Stick&#x2122;. N\u00e3o utilize o IQOS Iluma e o Smart Core Stick&#x2122; com dispositivos IQOS tradicionais (IQOS 3 Duo e modelos anteriores) e seus respectivos sticks de tabaco. Isso pode danificar o dispositivo.<\/p>\n<p>Lan\u00e7ado<br \/>\n2021<br \/>\nTipo de dispositivo<br \/>\nSuporte e carregador de bolso<br \/>\nFabricante<br \/>\nPMI (Philip Morris Internacional)<br \/>\nTipo de porta de carregamento<br \/>\nUSB-C<br \/>\nDimens\u00f5es<br \/>\n121,5 x 47 x 23,4 mm \/ 4,78 x 1,85 x 0,92 pol.<br \/>\nPeso<br \/>\n147 g \/ 5,2 oz<br \/>\nCapacidade da bateria<br \/>\n2380 mAh<br \/>\nUsos consecutivos<br \/>\n2<br \/>\nUsos por carga completa<br \/>\n20<br \/>\nTempo de carregamento<br \/>\n2 horas e 15 minutos<br \/>\nTemperatura de aquecimento<br \/>\n350 \u00b0C (660 \u00b0F)<br \/>\nM\u00e9todo de aquecimento<br \/>\nIndu\u00e7\u00e3o Smartcore<br \/>\nTempo de aquecimento<br \/>\n15 segundos<br \/>\nTipo de bast\u00e3o<br \/>\ncrescimento<br \/>\nDura\u00e7\u00e3o da sess\u00e3o<br \/>\nat\u00e9 6 minutos \/ 14 tragadas<\/p>","protected":false},"excerpt":{"rendered":"<p>IQOS Iluma<\/p>\n<p>A linha IQOS ILUMA \u00e9 o chamado Iqos 4.0 &#8211; a quarta gera\u00e7\u00e3o dos dispositivos que esquentam sem queimar mais populares do mundo, que entraram no mercado em 2021-2022.<\/p>\n<p>O modelo mais recente de 2021, IQOS Iluma, leva o apelo do tabaco que n\u00e3o queima a um novo patamar com a nova tecnologia Smart Core Induction System&#x2122;, mantendo a tecnologia original do IQOS que aquece as folhas de tabaco diretamente de dentro.<\/p>\n<p>Com uma nova estrutura sem l\u00e2minas, n\u00e3o h\u00e1 necessidade de se preocupar com danos \u00e0s l\u00e2minas e n\u00e3o h\u00e1 necessidade de limpeza problem\u00e1tica ap\u00f3s o uso.<\/p>\n<p>O IQOS Iluma possui um design familiar, que pode ser considerado um modelo padr\u00e3o da linha IQOS, mas que evoluiu bastante. Conseguimos uma sensa\u00e7\u00e3o simples que se adapta confortavelmente ao seu estilo de vida.<\/p>\n<p>O dispositivo pode ser usado duas vezes continuamente. Ele tamb\u00e9m possui uma fun\u00e7\u00e3o de inicializa\u00e7\u00e3o autom\u00e1tica que inicia o aquecimento automaticamente.<\/p>\n<p>O IQOS Iluma foi projetado para uso exclusivo com o Smart Core Stick&#x2122;. N\u00e3o utilize o IQOS Iluma e o Smart Core Stick&#x2122; com dispositivos IQOS tradicionais (IQOS 3 Duo e modelos anteriores) e seus respectivos sticks de tabaco. Isso pode danificar o dispositivo.<\/p>\n<p>Lan\u00e7ado<br \/>\n2021<br \/>\nTipo de dispositivo<br \/>\nSuporte e carregador de bolso<br \/>\nFabricante<br \/>\nPMI (Philip Morris Internacional)<br \/>\nTipo de porta de carregamento<br \/>\nUSB-C<br \/>\nDimens\u00f5es<br \/>\n121,5 x 47 x 23,4 mm \/ 4,78 x 1,85 x 0,92 pol.<br \/>\nPeso<br \/>\n147 g \/ 5,2 oz<br \/>\nCapacidade da bateria<br \/>\n2380 mAh<br \/>\nUsos consecutivos<br \/>\n2<br \/>\nUsos por carga completa<br \/>\n20<br \/>\nTempo de carregamento<br \/>\n2 horas e 15 minutos<br \/>\nTemperatura de aquecimento<br \/>\n350 \u00b0C (660 \u00b0F)<br \/>\nM\u00e9todo de aquecimento<br \/>\nIndu\u00e7\u00e3o Smartcore<br \/>\nTempo de aquecimento<br \/>\n15 segundos<br \/>\nTipo de bast\u00e3o<br \/>\ncrescimento<br \/>\nDura\u00e7\u00e3o da sess\u00e3o<br \/>\nat\u00e9 6 minutos \/ 14 tragadas<\/p>","protected":false},"featured_media":4514,"comment_status":"open","ping_status":"closed","template":"","meta":{"site-sidebar-layout":"default","site-content-layout":"","ast-site-content-layout":"default","site-content-style":"default","site-sidebar-style":"default","ast-global-header-display":"","ast-banner-title-visibility":"","ast-main-header-display":"","ast-hfb-above-header-display":"","ast-hfb-below-header-display":"","ast-hfb-mobile-header-display":"","site-post-title":"","ast-breadcrumbs-content":"","ast-featured-img":"","footer-sml-layout":"","ast-disable-related-posts":"","theme-transparent-header-meta":"default","adv-header-id-meta":"","stick-header-meta":"","header-above-stick-meta":"","header-main-stick-meta":"","header-below-stick-meta":"","astra-migrate-meta-layouts":"set","ast-page-background-enabled":"default","ast-page-background-meta":{"desktop":{"background-color":"","background-image":"","background-repeat":"repeat","background-position":"center center","background-size":"auto","background-attachment":"scroll","background-type":"","background-media":"","overlay-type":"","overlay-color":"","overlay-opacity":"","overlay-gradient":""},"tablet":{"background-color":"","background-image":"","background-repeat":"repeat","background-position":"center center","background-size":"auto","background-attachment":"scroll","background-type":"","background-media":"","overlay-type":"","overlay-color":"","overlay-opacity":"","overlay-gradient":""},"mobile":{"background-color":"","background-image":"","background-repeat":"repeat","background-position":"center center","background-size":"auto","background-attachment":"scroll","background-type":"","background-media":"","overlay-type":"","overlay-color":"","overlay-opacity":"","overlay-gradient":""}},"ast-content-background-meta":{"desktop":{"background-color":"var(--ast-global-color-5)","background-image":"","background-repeat":"repeat","background-position":"center center","background-size":"auto","background-attachment":"scroll","background-type":"","background-media":"","overlay-type":"","overlay-color":"","overlay-opacity":"","overlay-gradient":""},"tablet":{"background-color":"var(--ast-global-color-5)","background-image":"","background-repeat":"repeat","background-position":"center center","background-size":"auto","background-attachment":"scroll","background-type":"","background-media":"","overlay-type":"","overlay-color":"","overlay-opacity":"","overlay-gradient":""},"mobile":{"background-color":"var(--ast-global-color-5)","background-image":"","background-repeat":"repeat","background-position":"center center","background-size":"auto","background-attachment":"scroll","background-type":"","background-media":"","overlay-type":"","overlay-color":"","overlay-opacity":"","overlay-gradient":""}}},"product_brand":[],"product_cat":[63],"product_tag":[],"class_list":{"0":"post-4543","1":"product","2":"type-product","3":"status-publish","4":"has-post-thumbnail","6":"product_cat-iqos-iluma","7":"desktop-align-left","8":"tablet-align-left","9":"mobile-align-left","11":"first","12":"outofstock","13":"shipping-taxable","14":"purchasable","15":"product-type-variable"},"_links":{"self":[{"href":"https:\/\/ararattabacaria.com.br\/en\/wp-json\/wp\/v2\/product\/4543","targetHints":{"allow":["GET"]}}],"collection":[{"href":"https:\/\/ararattabacaria.com.br\/en\/wp-json\/wp\/v2\/product"}],"about":[{"href":"https:\/\/ararattabacaria.com.br\/en\/wp-json\/wp\/v2\/types\/product"}],"replies":[{"embeddable":true,"href":"https:\/\/ararattabacaria.com.br\/en\/wp-json\/wp\/v2\/comments?post=4543"}],"version-history":[{"count":3,"href":"https:\/\/ararattabacaria.com.br\/en\/wp-json\/wp\/v2\/product\/4543\/revisions"}],"predecessor-version":[{"id":4950,"href":"https:\/\/ararattabacaria.com.br\/en\/wp-json\/wp\/v2\/product\/4543\/revisions\/4950"}],"wp:featuredmedia":[{"embeddable":true,"href":"https:\/\/ararattabacaria.com.br\/en\/wp-json\/wp\/v2\/media\/4514"}],"wp:attachment":[{"href":"https:\/\/ararattabacaria.com.br\/en\/wp-json\/wp\/v2\/media?parent=4543"}],"wp:term":[{"taxonomy":"product_brand","embeddable":true,"href":"https:\/\/ararattabacaria.com.br\/en\/wp-json\/wp\/v2\/product_brand?post=4543"},{"taxonomy":"product_cat","embeddable":true,"href":"https:\/\/ararattabacaria.com.br\/en\/wp-json\/wp\/v2\/product_cat?post=4543"},{"taxonomy":"product_tag","embeddable":true,"href":"https:\/\/ararattabacaria.com.br\/en\/wp-json\/wp\/v2\/product_tag?post=4543"}],"curies":[{"name":"wp","href":"https:\/\/api.w.org\/{rel}","templated":true}]}}