{"id":4549,"date":"2025-09-09T17:56:29","date_gmt":"2025-09-09T17:56:29","guid":{"rendered":"https:\/\/ararattabacaria.com.br\/?post_type=product&#038;p=4549"},"modified":"2026-03-23T21:08:50","modified_gmt":"2026-03-23T21:08:50","slug":"iqos-iluma-prime","status":"publish","type":"product","link":"https:\/\/ararattabacaria.com.br\/en\/product\/iqos-iluma-prime\/","title":{"rendered":"IQOS Iluma Prime"},"content":{"rendered":"<p>IQOS Iluma Prime<\/p>\n<p>A linha IQOS ILUMA \u00e9 o chamado Iqos 4.0 &#8211; a quarta gera\u00e7\u00e3o dos dispositivos que esquentam sem queimar mais populares do mundo, que entraram no mercado em 2021-2022.<\/p>\n<p>O modelo mais recente de 2021, o IQOS Iluma Prime, leva o apelo do tabaco que n\u00e3o aquece a um novo patamar com a nova tecnologia Smart Core Induction System&#x2122;, mantendo a tecnologia original do IQOS que aquece as folhas de tabaco diretamente de dentro.<\/p>\n<p>Com uma nova estrutura sem l\u00e2minas, n\u00e3o h\u00e1 necessidade de se preocupar com danos \u00e0s l\u00e2minas e n\u00e3o h\u00e1 necessidade de limpeza problem\u00e1tica ap\u00f3s o uso.<\/p>\n<p>O dispositivo pode ser usado duas vezes continuamente. Ele tamb\u00e9m possui uma fun\u00e7\u00e3o de inicializa\u00e7\u00e3o autom\u00e1tica que inicia o aquecimento automaticamente.<\/p>\n<p>O IQOS Iluma Prime foi projetado para uso exclusivo com o Smart Core Stick&#x2122;. N\u00e3o utilize o IQOS Iluma e o Smart Core Stick&#x2122; com dispositivos IQOS tradicionais (IQOS 3 Duo e modelos anteriores) e seus respectivos sticks de tabaco. Isso pode danificar o dispositivo.<\/p>\n<p>Lan\u00e7ado<br \/>\n2021<br \/>\nTipo de dispositivo<br \/>\nSuporte e carregador de bolso<br \/>\nFabricante<br \/>\nPMI (Philip Morris Internacional)<br \/>\nTipo de porta de carregamento<br \/>\nUSB-C<br \/>\nDimens\u00f5es<br \/>\n117,2 x 44,7 x 22,2 mm \/ 4,61 x 1,76 x 0,87 pol.<br \/>\nPeso<br \/>\n171g \/ 6 on\u00e7as<br \/>\nCapacidade da bateria<br \/>\n2380mAh<br \/>\nUsos consecutivos<br \/>\n2<br \/>\nUsos por carga completa<br \/>\n20<br \/>\nTempo de carregamento<br \/>\n2h 15m<br \/>\nTemperatura de aquecimento<br \/>\n350 \u00b0C (660 \u00b0F)<br \/>\nM\u00e9todo de aquecimento<br \/>\nIndu\u00e7\u00e3o Smartcore<br \/>\nTempo de aquecimento<br \/>\n15 segundos<br \/>\nTipo de bast\u00e3o<br \/>\nCh\u00e1<br \/>\nDura\u00e7\u00e3o da sess\u00e3o<br \/>\nat\u00e9 6 minutos \/ 14 tragadas<\/p>","protected":false},"excerpt":{"rendered":"<p>IQOS Iluma Prime<\/p>\n<p>A linha IQOS ILUMA \u00e9 o chamado Iqos 4.0 &#8211; a quarta gera\u00e7\u00e3o dos dispositivos que esquentam sem queimar mais populares do mundo, que entraram no mercado em 2021-2022.<\/p>\n<p>O modelo mais recente de 2021, o IQOS Iluma Prime, leva o apelo do tabaco que n\u00e3o aquece a um novo patamar com a nova tecnologia Smart Core Induction System&#x2122;, mantendo a tecnologia original do IQOS que aquece as folhas de tabaco diretamente de dentro.<\/p>\n<p>Com uma nova estrutura sem l\u00e2minas, n\u00e3o h\u00e1 necessidade de se preocupar com danos \u00e0s l\u00e2minas e n\u00e3o h\u00e1 necessidade de limpeza problem\u00e1tica ap\u00f3s o uso.<\/p>\n<p>O dispositivo pode ser usado duas vezes continuamente. Ele tamb\u00e9m possui uma fun\u00e7\u00e3o de inicializa\u00e7\u00e3o autom\u00e1tica que inicia o aquecimento automaticamente.<\/p>\n<p>O IQOS Iluma Prime foi projetado para uso exclusivo com o Smart Core Stick&#x2122;. N\u00e3o utilize o IQOS Iluma e o Smart Core Stick&#x2122; com dispositivos IQOS tradicionais (IQOS 3 Duo e modelos anteriores) e seus respectivos sticks de tabaco. Isso pode danificar o dispositivo.<\/p>\n<p>Lan\u00e7ado<br \/>\n2021<br \/>\nTipo de dispositivo<br \/>\nSuporte e carregador de bolso<br \/>\nFabricante<br \/>\nPMI (Philip Morris Internacional)<br \/>\nTipo de porta de carregamento<br \/>\nUSB-C<br \/>\nDimens\u00f5es<br \/>\n117,2 x 44,7 x 22,2 mm \/ 4,61 x 1,76 x 0,87 pol.<br \/>\nPeso<br \/>\n171g \/ 6 on\u00e7as<br \/>\nCapacidade da bateria<br \/>\n2380mAh<br \/>\nUsos consecutivos<br \/>\n2<br \/>\nUsos por carga completa<br \/>\n20<br \/>\nTempo de carregamento<br \/>\n2h 15m<br \/>\nTemperatura de aquecimento<br \/>\n350 \u00b0C (660 \u00b0F)<br \/>\nM\u00e9todo de aquecimento<br \/>\nIndu\u00e7\u00e3o Smartcore<br \/>\nTempo de aquecimento<br \/>\n15 segundos<br \/>\nTipo de bast\u00e3o<br \/>\nCh\u00e1<br \/>\nDura\u00e7\u00e3o da sess\u00e3o<br \/>\nat\u00e9 6 minutos \/ 14 tragadas<\/p>","protected":false},"featured_media":4525,"comment_status":"open","ping_status":"closed","template":"","meta":{"site-sidebar-layout":"default","site-content-layout":"","ast-site-content-layout":"default","site-content-style":"default","site-sidebar-style":"default","ast-global-header-display":"","ast-banner-title-visibility":"","ast-main-header-display":"","ast-hfb-above-header-display":"","ast-hfb-below-header-display":"","ast-hfb-mobile-header-display":"","site-post-title":"","ast-breadcrumbs-content":"","ast-featured-img":"","footer-sml-layout":"","ast-disable-related-posts":"","theme-transparent-header-meta":"default","adv-header-id-meta":"","stick-header-meta":"","header-above-stick-meta":"","header-main-stick-meta":"","header-below-stick-meta":"","astra-migrate-meta-layouts":"set","ast-page-background-enabled":"default","ast-page-background-meta":{"desktop":{"background-color":"","background-image":"","background-repeat":"repeat","background-position":"center center","background-size":"auto","background-attachment":"scroll","background-type":"","background-media":"","overlay-type":"","overlay-color":"","overlay-opacity":"","overlay-gradient":""},"tablet":{"background-color":"","background-image":"","background-repeat":"repeat","background-position":"center center","background-size":"auto","background-attachment":"scroll","background-type":"","background-media":"","overlay-type":"","overlay-color":"","overlay-opacity":"","overlay-gradient":""},"mobile":{"background-color":"","background-image":"","background-repeat":"repeat","background-position":"center center","background-size":"auto","background-attachment":"scroll","background-type":"","background-media":"","overlay-type":"","overlay-color":"","overlay-opacity":"","overlay-gradient":""}},"ast-content-background-meta":{"desktop":{"background-color":"var(--ast-global-color-5)","background-image":"","background-repeat":"repeat","background-position":"center center","background-size":"auto","background-attachment":"scroll","background-type":"","background-media":"","overlay-type":"","overlay-color":"","overlay-opacity":"","overlay-gradient":""},"tablet":{"background-color":"var(--ast-global-color-5)","background-image":"","background-repeat":"repeat","background-position":"center center","background-size":"auto","background-attachment":"scroll","background-type":"","background-media":"","overlay-type":"","overlay-color":"","overlay-opacity":"","overlay-gradient":""},"mobile":{"background-color":"var(--ast-global-color-5)","background-image":"","background-repeat":"repeat","background-position":"center center","background-size":"auto","background-attachment":"scroll","background-type":"","background-media":"","overlay-type":"","overlay-color":"","overlay-opacity":"","overlay-gradient":""}}},"product_brand":[],"product_cat":[63],"product_tag":[],"class_list":{"0":"post-4549","1":"product","2":"type-product","3":"status-publish","4":"has-post-thumbnail","6":"product_cat-iqos-iluma","7":"desktop-align-left","8":"tablet-align-left","9":"mobile-align-left","11":"first","12":"outofstock","13":"shipping-taxable","14":"purchasable","15":"product-type-variable"},"_links":{"self":[{"href":"https:\/\/ararattabacaria.com.br\/en\/wp-json\/wp\/v2\/product\/4549","targetHints":{"allow":["GET"]}}],"collection":[{"href":"https:\/\/ararattabacaria.com.br\/en\/wp-json\/wp\/v2\/product"}],"about":[{"href":"https:\/\/ararattabacaria.com.br\/en\/wp-json\/wp\/v2\/types\/product"}],"replies":[{"embeddable":true,"href":"https:\/\/ararattabacaria.com.br\/en\/wp-json\/wp\/v2\/comments?post=4549"}],"version-history":[{"count":4,"href":"https:\/\/ararattabacaria.com.br\/en\/wp-json\/wp\/v2\/product\/4549\/revisions"}],"predecessor-version":[{"id":5077,"href":"https:\/\/ararattabacaria.com.br\/en\/wp-json\/wp\/v2\/product\/4549\/revisions\/5077"}],"wp:featuredmedia":[{"embeddable":true,"href":"https:\/\/ararattabacaria.com.br\/en\/wp-json\/wp\/v2\/media\/4525"}],"wp:attachment":[{"href":"https:\/\/ararattabacaria.com.br\/en\/wp-json\/wp\/v2\/media?parent=4549"}],"wp:term":[{"taxonomy":"product_brand","embeddable":true,"href":"https:\/\/ararattabacaria.com.br\/en\/wp-json\/wp\/v2\/product_brand?post=4549"},{"taxonomy":"product_cat","embeddable":true,"href":"https:\/\/ararattabacaria.com.br\/en\/wp-json\/wp\/v2\/product_cat?post=4549"},{"taxonomy":"product_tag","embeddable":true,"href":"https:\/\/ararattabacaria.com.br\/en\/wp-json\/wp\/v2\/product_tag?post=4549"}],"curies":[{"name":"wp","href":"https:\/\/api.w.org\/{rel}","templated":true}]}}