{"id":4618,"date":"2025-09-14T17:27:13","date_gmt":"2025-09-14T17:27:13","guid":{"rendered":"https:\/\/ararattabacaria.com.br\/?post_type=product&#038;p=4618"},"modified":"2026-01-22T17:13:04","modified_gmt":"2026-01-22T17:13:04","slug":"elfbar-30000","status":"publish","type":"product","link":"https:\/\/ararattabacaria.com.br\/en\/product\/elfbar-30000\/","title":{"rendered":"Elfbar 30000"},"content":{"rendered":"<p>Aten\u00e7\u00e3o: fa\u00e7a sua encomenda e informe o sabor antes de finalizar o pedido. Confirmaremos com voc\u00ea pelo telefone cadastrado. Ap\u00f3s a confirma\u00e7\u00e3o, o envio ser\u00e1 realizado.<\/p>\n<p>&nbsp;<\/p>\n<p>Um pod que redefine sua experi\u00eancia de vaping com impressionantes 30.000 Puffs . Este dispositivo inovador combina portabilidade, durabilidade e uma ampla variedade de sabores, ideal para quem busca praticidade e qualidade em cada tragada.<\/p>\n<p>Oferece uma gama diversificada de sabores, desde op\u00e7\u00f5es frutadas e refrescantes at\u00e9 h\u00edbridos cl\u00e1ssicos, proporcionando uma experi\u00eancia de vaping que agrada a todos os paladares. compromisso de sabores intensos e consistentes do in\u00edcio ao fim.<\/p>\n<p>\u00c9 ideal para quem procura um dispositivo de vaping que combine conveni\u00eancia e desempenho. Com 30.000 baforadas e uma variedade de sabores irresist\u00edveis, ele atende a todas as suas necessidades de vaping em um \u00fanico dispositivo. Experimente a liberdade de um pod flex\u00edvel que oferece durabilidade e um sabor excepcional.<\/p>","protected":false},"excerpt":{"rendered":"<p>Aten\u00e7\u00e3o: fa\u00e7a sua encomenda e informe o sabor antes de finalizar o pedido. Confirmaremos com voc\u00ea pelo telefone cadastrado. Ap\u00f3s a confirma\u00e7\u00e3o, o envio ser\u00e1 realizado.<\/p>\n<p>&nbsp;<\/p>\n<p>Um pod que redefine sua experi\u00eancia de vaping com impressionantes 30.000 Puffs . Este dispositivo inovador combina portabilidade, durabilidade e uma ampla variedade de sabores, ideal para quem busca praticidade e qualidade em cada tragada.<\/p>\n<p>Oferece uma gama diversificada de sabores, desde op\u00e7\u00f5es frutadas e refrescantes at\u00e9 h\u00edbridos cl\u00e1ssicos, proporcionando uma experi\u00eancia de vaping que agrada a todos os paladares. compromisso de sabores intensos e consistentes do in\u00edcio ao fim.<\/p>\n<p>\u00c9 ideal para quem procura um dispositivo de vaping que combine conveni\u00eancia e desempenho. Com 30.000 baforadas e uma variedade de sabores irresist\u00edveis, ele atende a todas as suas necessidades de vaping em um \u00fanico dispositivo. Experimente a liberdade de um pod flex\u00edvel que oferece durabilidade e um sabor excepcional.<\/p>","protected":false},"featured_media":4620,"comment_status":"open","ping_status":"closed","template":"","meta":{"site-sidebar-layout":"default","site-content-layout":"","ast-site-content-layout":"default","site-content-style":"default","site-sidebar-style":"default","ast-global-header-display":"","ast-banner-title-visibility":"","ast-main-header-display":"","ast-hfb-above-header-display":"","ast-hfb-below-header-display":"","ast-hfb-mobile-header-display":"","site-post-title":"","ast-breadcrumbs-content":"","ast-featured-img":"","footer-sml-layout":"","ast-disable-related-posts":"","theme-transparent-header-meta":"default","adv-header-id-meta":"","stick-header-meta":"","header-above-stick-meta":"","header-main-stick-meta":"","header-below-stick-meta":"","astra-migrate-meta-layouts":"set","ast-page-background-enabled":"default","ast-page-background-meta":{"desktop":{"background-color":"","background-image":"","background-repeat":"repeat","background-position":"center center","background-size":"auto","background-attachment":"scroll","background-type":"","background-media":"","overlay-type":"","overlay-color":"","overlay-opacity":"","overlay-gradient":""},"tablet":{"background-color":"","background-image":"","background-repeat":"repeat","background-position":"center center","background-size":"auto","background-attachment":"scroll","background-type":"","background-media":"","overlay-type":"","overlay-color":"","overlay-opacity":"","overlay-gradient":""},"mobile":{"background-color":"","background-image":"","background-repeat":"repeat","background-position":"center center","background-size":"auto","background-attachment":"scroll","background-type":"","background-media":"","overlay-type":"","overlay-color":"","overlay-opacity":"","overlay-gradient":""}},"ast-content-background-meta":{"desktop":{"background-color":"var(--ast-global-color-5)","background-image":"","background-repeat":"repeat","background-position":"center center","background-size":"auto","background-attachment":"scroll","background-type":"","background-media":"","overlay-type":"","overlay-color":"","overlay-opacity":"","overlay-gradient":""},"tablet":{"background-color":"var(--ast-global-color-5)","background-image":"","background-repeat":"repeat","background-position":"center center","background-size":"auto","background-attachment":"scroll","background-type":"","background-media":"","overlay-type":"","overlay-color":"","overlay-opacity":"","overlay-gradient":""},"mobile":{"background-color":"var(--ast-global-color-5)","background-image":"","background-repeat":"repeat","background-position":"center center","background-size":"auto","background-attachment":"scroll","background-type":"","background-media":"","overlay-type":"","overlay-color":"","overlay-opacity":"","overlay-gradient":""}}},"product_brand":[],"product_cat":[78],"product_tag":[],"class_list":{"0":"post-4618","1":"product","2":"type-product","3":"status-publish","4":"has-post-thumbnail","6":"product_cat-pod","7":"desktop-align-left","8":"tablet-align-left","9":"mobile-align-left","11":"first","12":"outofstock","13":"shipping-taxable","14":"purchasable","15":"product-type-simple"},"_links":{"self":[{"href":"https:\/\/ararattabacaria.com.br\/en\/wp-json\/wp\/v2\/product\/4618","targetHints":{"allow":["GET"]}}],"collection":[{"href":"https:\/\/ararattabacaria.com.br\/en\/wp-json\/wp\/v2\/product"}],"about":[{"href":"https:\/\/ararattabacaria.com.br\/en\/wp-json\/wp\/v2\/types\/product"}],"replies":[{"embeddable":true,"href":"https:\/\/ararattabacaria.com.br\/en\/wp-json\/wp\/v2\/comments?post=4618"}],"version-history":[{"count":1,"href":"https:\/\/ararattabacaria.com.br\/en\/wp-json\/wp\/v2\/product\/4618\/revisions"}],"predecessor-version":[{"id":4619,"href":"https:\/\/ararattabacaria.com.br\/en\/wp-json\/wp\/v2\/product\/4618\/revisions\/4619"}],"wp:featuredmedia":[{"embeddable":true,"href":"https:\/\/ararattabacaria.com.br\/en\/wp-json\/wp\/v2\/media\/4620"}],"wp:attachment":[{"href":"https:\/\/ararattabacaria.com.br\/en\/wp-json\/wp\/v2\/media?parent=4618"}],"wp:term":[{"taxonomy":"product_brand","embeddable":true,"href":"https:\/\/ararattabacaria.com.br\/en\/wp-json\/wp\/v2\/product_brand?post=4618"},{"taxonomy":"product_cat","embeddable":true,"href":"https:\/\/ararattabacaria.com.br\/en\/wp-json\/wp\/v2\/product_cat?post=4618"},{"taxonomy":"product_tag","embeddable":true,"href":"https:\/\/ararattabacaria.com.br\/en\/wp-json\/wp\/v2\/product_tag?post=4618"}],"curies":[{"name":"wp","href":"https:\/\/api.w.org\/{rel}","templated":true}]}}