{"id":4621,"date":"2025-09-14T17:30:32","date_gmt":"2025-09-14T17:30:32","guid":{"rendered":"https:\/\/ararattabacaria.com.br\/?post_type=product&#038;p=4621"},"modified":"2025-09-14T18:06:07","modified_gmt":"2025-09-14T18:06:07","slug":"elfbar-40000","status":"publish","type":"product","link":"https:\/\/ararattabacaria.com.br\/en\/product\/elfbar-40000\/","title":{"rendered":"Elfbar 40000"},"content":{"rendered":"<p>Aten\u00e7\u00e3o: fa\u00e7a sua encomenda e informe o sabor antes de finalizar o pedido. Confirmaremos com voc\u00ea pelo telefone cadastrado. Ap\u00f3s a confirma\u00e7\u00e3o, o envio ser\u00e1 realizado.<\/p>\n<p>&nbsp;<\/p>\n<p>Elfbar 40000<\/p>\n<p>Mais uma vez saindo na frente, a Elf Bar acaba de lan\u00e7ar seu mais recente aparelho: Elf Bar 40K! Um dispositivo surpreendente que, segundo a fabricante, oferece at\u00e9 40000 puffs de vaporiza\u00e7\u00e3o!<\/p>\n<p>O Elf Bar 40K conta com todas as tecnologias de ponta como ajuste de controle de pot\u00eancia e saida de ar integrados, coils triplas e display que informa o n\u00edvel de l\u00edquido e bateria no aparelho.<\/p>\n<p>Um segundo ponto not\u00e1vel \u00e9 o sistema Turbo Mode do aparelho, que oferece at\u00e9 3 n\u00edveis de pot\u00eancia que pode ser ajustado atrav\u00e9s da chave localizada no inferior do aparelho.<\/p>","protected":false},"excerpt":{"rendered":"<p>Aten\u00e7\u00e3o: fa\u00e7a sua encomenda e informe o sabor antes de finalizar o pedido. Confirmaremos com voc\u00ea pelo telefone cadastrado. Ap\u00f3s a confirma\u00e7\u00e3o, o envio ser\u00e1 realizado. &nbsp; Elfbar 40000 Mais uma vez saindo na frente, a Elf Bar acaba de lan\u00e7ar seu mais recente aparelho: Elf Bar 40K! Um dispositivo surpreendente que, segundo a fabricante, [&hellip;]<\/p>\n","protected":false},"featured_media":4622,"comment_status":"open","ping_status":"closed","template":"","meta":{"site-sidebar-layout":"default","site-content-layout":"","ast-site-content-layout":"default","site-content-style":"default","site-sidebar-style":"default","ast-global-header-display":"","ast-banner-title-visibility":"","ast-main-header-display":"","ast-hfb-above-header-display":"","ast-hfb-below-header-display":"","ast-hfb-mobile-header-display":"","site-post-title":"","ast-breadcrumbs-content":"","ast-featured-img":"","footer-sml-layout":"","ast-disable-related-posts":"","theme-transparent-header-meta":"default","adv-header-id-meta":"","stick-header-meta":"","header-above-stick-meta":"","header-main-stick-meta":"","header-below-stick-meta":"","astra-migrate-meta-layouts":"set","ast-page-background-enabled":"default","ast-page-background-meta":{"desktop":{"background-color":"","background-image":"","background-repeat":"repeat","background-position":"center center","background-size":"auto","background-attachment":"scroll","background-type":"","background-media":"","overlay-type":"","overlay-color":"","overlay-opacity":"","overlay-gradient":""},"tablet":{"background-color":"","background-image":"","background-repeat":"repeat","background-position":"center center","background-size":"auto","background-attachment":"scroll","background-type":"","background-media":"","overlay-type":"","overlay-color":"","overlay-opacity":"","overlay-gradient":""},"mobile":{"background-color":"","background-image":"","background-repeat":"repeat","background-position":"center center","background-size":"auto","background-attachment":"scroll","background-type":"","background-media":"","overlay-type":"","overlay-color":"","overlay-opacity":"","overlay-gradient":""}},"ast-content-background-meta":{"desktop":{"background-color":"var(--ast-global-color-5)","background-image":"","background-repeat":"repeat","background-position":"center center","background-size":"auto","background-attachment":"scroll","background-type":"","background-media":"","overlay-type":"","overlay-color":"","overlay-opacity":"","overlay-gradient":""},"tablet":{"background-color":"var(--ast-global-color-5)","background-image":"","background-repeat":"repeat","background-position":"center center","background-size":"auto","background-attachment":"scroll","background-type":"","background-media":"","overlay-type":"","overlay-color":"","overlay-opacity":"","overlay-gradient":""},"mobile":{"background-color":"var(--ast-global-color-5)","background-image":"","background-repeat":"repeat","background-position":"center center","background-size":"auto","background-attachment":"scroll","background-type":"","background-media":"","overlay-type":"","overlay-color":"","overlay-opacity":"","overlay-gradient":""}}},"product_brand":[],"product_cat":[78],"product_tag":[],"class_list":{"0":"post-4621","1":"product","2":"type-product","3":"status-publish","4":"has-post-thumbnail","6":"product_cat-pod","7":"desktop-align-left","8":"tablet-align-left","9":"mobile-align-left","11":"first","12":"onbackorder","13":"shipping-taxable","14":"purchasable","15":"product-type-simple"},"_links":{"self":[{"href":"https:\/\/ararattabacaria.com.br\/en\/wp-json\/wp\/v2\/product\/4621","targetHints":{"allow":["GET"]}}],"collection":[{"href":"https:\/\/ararattabacaria.com.br\/en\/wp-json\/wp\/v2\/product"}],"about":[{"href":"https:\/\/ararattabacaria.com.br\/en\/wp-json\/wp\/v2\/types\/product"}],"replies":[{"embeddable":true,"href":"https:\/\/ararattabacaria.com.br\/en\/wp-json\/wp\/v2\/comments?post=4621"}],"version-history":[{"count":1,"href":"https:\/\/ararattabacaria.com.br\/en\/wp-json\/wp\/v2\/product\/4621\/revisions"}],"predecessor-version":[{"id":4623,"href":"https:\/\/ararattabacaria.com.br\/en\/wp-json\/wp\/v2\/product\/4621\/revisions\/4623"}],"wp:featuredmedia":[{"embeddable":true,"href":"https:\/\/ararattabacaria.com.br\/en\/wp-json\/wp\/v2\/media\/4622"}],"wp:attachment":[{"href":"https:\/\/ararattabacaria.com.br\/en\/wp-json\/wp\/v2\/media?parent=4621"}],"wp:term":[{"taxonomy":"product_brand","embeddable":true,"href":"https:\/\/ararattabacaria.com.br\/en\/wp-json\/wp\/v2\/product_brand?post=4621"},{"taxonomy":"product_cat","embeddable":true,"href":"https:\/\/ararattabacaria.com.br\/en\/wp-json\/wp\/v2\/product_cat?post=4621"},{"taxonomy":"product_tag","embeddable":true,"href":"https:\/\/ararattabacaria.com.br\/en\/wp-json\/wp\/v2\/product_tag?post=4621"}],"curies":[{"name":"wp","href":"https:\/\/api.w.org\/{rel}","templated":true}]}}