{"id":4628,"date":"2025-09-14T17:40:44","date_gmt":"2025-09-14T17:40:44","guid":{"rendered":"https:\/\/ararattabacaria.com.br\/?post_type=product&#038;p=4628"},"modified":"2026-01-22T17:12:43","modified_gmt":"2026-01-22T17:12:43","slug":"nikbar-40000","status":"publish","type":"product","link":"https:\/\/ararattabacaria.com.br\/en\/product\/nikbar-40000\/","title":{"rendered":"Nikbar 40000"},"content":{"rendered":"<p>Aten\u00e7\u00e3o: fa\u00e7a sua encomenda e informe o sabor antes de finalizar o pedido. Confirmaremos com voc\u00ea pelo telefone cadastrado. Ap\u00f3s a confirma\u00e7\u00e3o, o envio ser\u00e1 realizado.<\/p>\n<p>&nbsp;<\/p>\n<p>O Pod NikBar 4000 puffs \u00e9 um cigarro eletr\u00f4nico que funciona como uma \u00f3tima alternativa para fumantes de cigarros convencionais que buscam praticidade.<\/p>\n<p>O Pod Descart\u00e1vel NikBar 4000 possui capacidade m\u00e9dia de 4000 puffs (vaporadas) com sua vida \u00fatil finalizada ap\u00f3s todos os puffs se esgotarem. Quando sua bateria esgota, ele pode ser recarregado com carregadores comuns de celular.<\/p>\n<p>Em resumo, o aparelho j\u00e1 vem pronto para uso. Voc\u00ea n\u00e3o vai precisar comprar resist\u00eancias ou se preocupar em trocar nenhum componente. Apenas desfrutar um vaping com sabor intenso e incompar\u00e1vel.<\/p>","protected":false},"excerpt":{"rendered":"<p>Aten\u00e7\u00e3o: fa\u00e7a sua encomenda e informe o sabor antes de finalizar o pedido. Confirmaremos com voc\u00ea pelo telefone cadastrado. Ap\u00f3s a confirma\u00e7\u00e3o, o envio ser\u00e1 realizado.<\/p>\n<p>&nbsp;<\/p>\n<p>O Pod NikBar 4000 puffs \u00e9 um cigarro eletr\u00f4nico que funciona como uma \u00f3tima alternativa para fumantes de cigarros convencionais que buscam praticidade.<\/p>\n<p>O Pod Descart\u00e1vel NikBar 4000 possui capacidade m\u00e9dia de 4000 puffs (vaporadas) com sua vida \u00fatil finalizada ap\u00f3s todos os puffs se esgotarem. Quando sua bateria esgota, ele pode ser recarregado com carregadores comuns de celular.<\/p>\n<p>Em resumo, o aparelho j\u00e1 vem pronto para uso. Voc\u00ea n\u00e3o vai precisar comprar resist\u00eancias ou se preocupar em trocar nenhum componente. Apenas desfrutar um vaping com sabor intenso e incompar\u00e1vel.<\/p>","protected":false},"featured_media":4630,"comment_status":"open","ping_status":"closed","template":"","meta":{"site-sidebar-layout":"default","site-content-layout":"","ast-site-content-layout":"default","site-content-style":"default","site-sidebar-style":"default","ast-global-header-display":"","ast-banner-title-visibility":"","ast-main-header-display":"","ast-hfb-above-header-display":"","ast-hfb-below-header-display":"","ast-hfb-mobile-header-display":"","site-post-title":"","ast-breadcrumbs-content":"","ast-featured-img":"","footer-sml-layout":"","ast-disable-related-posts":"","theme-transparent-header-meta":"default","adv-header-id-meta":"","stick-header-meta":"","header-above-stick-meta":"","header-main-stick-meta":"","header-below-stick-meta":"","astra-migrate-meta-layouts":"set","ast-page-background-enabled":"default","ast-page-background-meta":{"desktop":{"background-color":"","background-image":"","background-repeat":"repeat","background-position":"center center","background-size":"auto","background-attachment":"scroll","background-type":"","background-media":"","overlay-type":"","overlay-color":"","overlay-opacity":"","overlay-gradient":""},"tablet":{"background-color":"","background-image":"","background-repeat":"repeat","background-position":"center center","background-size":"auto","background-attachment":"scroll","background-type":"","background-media":"","overlay-type":"","overlay-color":"","overlay-opacity":"","overlay-gradient":""},"mobile":{"background-color":"","background-image":"","background-repeat":"repeat","background-position":"center center","background-size":"auto","background-attachment":"scroll","background-type":"","background-media":"","overlay-type":"","overlay-color":"","overlay-opacity":"","overlay-gradient":""}},"ast-content-background-meta":{"desktop":{"background-color":"var(--ast-global-color-5)","background-image":"","background-repeat":"repeat","background-position":"center center","background-size":"auto","background-attachment":"scroll","background-type":"","background-media":"","overlay-type":"","overlay-color":"","overlay-opacity":"","overlay-gradient":""},"tablet":{"background-color":"var(--ast-global-color-5)","background-image":"","background-repeat":"repeat","background-position":"center center","background-size":"auto","background-attachment":"scroll","background-type":"","background-media":"","overlay-type":"","overlay-color":"","overlay-opacity":"","overlay-gradient":""},"mobile":{"background-color":"var(--ast-global-color-5)","background-image":"","background-repeat":"repeat","background-position":"center center","background-size":"auto","background-attachment":"scroll","background-type":"","background-media":"","overlay-type":"","overlay-color":"","overlay-opacity":"","overlay-gradient":""}}},"product_brand":[],"product_cat":[78],"product_tag":[],"class_list":{"0":"post-4628","1":"product","2":"type-product","3":"status-publish","4":"has-post-thumbnail","6":"product_cat-pod","7":"desktop-align-left","8":"tablet-align-left","9":"mobile-align-left","11":"first","12":"outofstock","13":"shipping-taxable","14":"purchasable","15":"product-type-simple"},"_links":{"self":[{"href":"https:\/\/ararattabacaria.com.br\/en\/wp-json\/wp\/v2\/product\/4628","targetHints":{"allow":["GET"]}}],"collection":[{"href":"https:\/\/ararattabacaria.com.br\/en\/wp-json\/wp\/v2\/product"}],"about":[{"href":"https:\/\/ararattabacaria.com.br\/en\/wp-json\/wp\/v2\/types\/product"}],"replies":[{"embeddable":true,"href":"https:\/\/ararattabacaria.com.br\/en\/wp-json\/wp\/v2\/comments?post=4628"}],"version-history":[{"count":1,"href":"https:\/\/ararattabacaria.com.br\/en\/wp-json\/wp\/v2\/product\/4628\/revisions"}],"predecessor-version":[{"id":4631,"href":"https:\/\/ararattabacaria.com.br\/en\/wp-json\/wp\/v2\/product\/4628\/revisions\/4631"}],"wp:featuredmedia":[{"embeddable":true,"href":"https:\/\/ararattabacaria.com.br\/en\/wp-json\/wp\/v2\/media\/4630"}],"wp:attachment":[{"href":"https:\/\/ararattabacaria.com.br\/en\/wp-json\/wp\/v2\/media?parent=4628"}],"wp:term":[{"taxonomy":"product_brand","embeddable":true,"href":"https:\/\/ararattabacaria.com.br\/en\/wp-json\/wp\/v2\/product_brand?post=4628"},{"taxonomy":"product_cat","embeddable":true,"href":"https:\/\/ararattabacaria.com.br\/en\/wp-json\/wp\/v2\/product_cat?post=4628"},{"taxonomy":"product_tag","embeddable":true,"href":"https:\/\/ararattabacaria.com.br\/en\/wp-json\/wp\/v2\/product_tag?post=4628"}],"curies":[{"name":"wp","href":"https:\/\/api.w.org\/{rel}","templated":true}]}}