{"id":4635,"date":"2025-09-14T17:53:56","date_gmt":"2025-09-14T17:53:56","guid":{"rendered":"https:\/\/ararattabacaria.com.br\/?post_type=product&#038;p=4635"},"modified":"2026-01-22T17:12:21","modified_gmt":"2026-01-22T17:12:21","slug":"ignite-v250-pod-descartavel-25000-puffs","status":"publish","type":"product","link":"https:\/\/ararattabacaria.com.br\/en\/product\/ignite-v250-pod-descartavel-25000-puffs\/","title":{"rendered":"IGNITE V250 &#8211; Pod Descart\u00e1vel &#8211; 25000 puffs"},"content":{"rendered":"<p>Aten\u00e7\u00e3o: fa\u00e7a sua encomenda e informe o sabor antes de finalizar o pedido. Confirmaremos com voc\u00ea pelo telefone cadastrado. Ap\u00f3s a confirma\u00e7\u00e3o, o envio ser\u00e1 realizado.<\/p>\n<p>&nbsp;<\/p>\n<p>&nbsp;<\/p>\n<p>O Ignite V250 foi projetado para ser leve e port\u00e1til, com uma capacidade impressionante de at\u00e9 25.000 puffs. Este dispositivo \u00e9 ideal para vapers que desejam uma experi\u00eancia prolongada sem se preocupar com trocas constantes.<\/p>\n<p>Mergulhe na revolu\u00e7\u00e3o do vapor com Ignite V250 com at\u00e9 25000 Puffs, o pod descart\u00e1vel que redefine o seu momento de relaxamento. Apresentando uma variedade de sabores e tecnologia avan\u00e7ada, este dispositivo \u00e9 o parceiro perfeito para quem busca uma experi\u00eancia de vaporiza\u00e7\u00e3o suave e satisfat\u00f3ria.<\/p>","protected":false},"excerpt":{"rendered":"<p>Aten\u00e7\u00e3o: fa\u00e7a sua encomenda e informe o sabor antes de finalizar o pedido. Confirmaremos com voc\u00ea pelo telefone cadastrado. Ap\u00f3s a confirma\u00e7\u00e3o, o envio ser\u00e1 realizado.<\/p>\n<p>&nbsp;<\/p>\n<p>&nbsp;<\/p>\n<p>O Ignite V250 foi projetado para ser leve e port\u00e1til, com uma capacidade impressionante de at\u00e9 25.000 puffs. Este dispositivo \u00e9 ideal para vapers que desejam uma experi\u00eancia prolongada sem se preocupar com trocas constantes.<\/p>\n<p>Mergulhe na revolu\u00e7\u00e3o do vapor com Ignite V250 com at\u00e9 25000 Puffs, o pod descart\u00e1vel que redefine o seu momento de relaxamento. Apresentando uma variedade de sabores e tecnologia avan\u00e7ada, este dispositivo \u00e9 o parceiro perfeito para quem busca uma experi\u00eancia de vaporiza\u00e7\u00e3o suave e satisfat\u00f3ria.<\/p>","protected":false},"featured_media":4636,"comment_status":"open","ping_status":"closed","template":"","meta":{"site-sidebar-layout":"default","site-content-layout":"","ast-site-content-layout":"default","site-content-style":"default","site-sidebar-style":"default","ast-global-header-display":"","ast-banner-title-visibility":"","ast-main-header-display":"","ast-hfb-above-header-display":"","ast-hfb-below-header-display":"","ast-hfb-mobile-header-display":"","site-post-title":"","ast-breadcrumbs-content":"","ast-featured-img":"","footer-sml-layout":"","ast-disable-related-posts":"","theme-transparent-header-meta":"default","adv-header-id-meta":"","stick-header-meta":"","header-above-stick-meta":"","header-main-stick-meta":"","header-below-stick-meta":"","astra-migrate-meta-layouts":"set","ast-page-background-enabled":"default","ast-page-background-meta":{"desktop":{"background-color":"","background-image":"","background-repeat":"repeat","background-position":"center center","background-size":"auto","background-attachment":"scroll","background-type":"","background-media":"","overlay-type":"","overlay-color":"","overlay-opacity":"","overlay-gradient":""},"tablet":{"background-color":"","background-image":"","background-repeat":"repeat","background-position":"center center","background-size":"auto","background-attachment":"scroll","background-type":"","background-media":"","overlay-type":"","overlay-color":"","overlay-opacity":"","overlay-gradient":""},"mobile":{"background-color":"","background-image":"","background-repeat":"repeat","background-position":"center center","background-size":"auto","background-attachment":"scroll","background-type":"","background-media":"","overlay-type":"","overlay-color":"","overlay-opacity":"","overlay-gradient":""}},"ast-content-background-meta":{"desktop":{"background-color":"var(--ast-global-color-5)","background-image":"","background-repeat":"repeat","background-position":"center center","background-size":"auto","background-attachment":"scroll","background-type":"","background-media":"","overlay-type":"","overlay-color":"","overlay-opacity":"","overlay-gradient":""},"tablet":{"background-color":"var(--ast-global-color-5)","background-image":"","background-repeat":"repeat","background-position":"center center","background-size":"auto","background-attachment":"scroll","background-type":"","background-media":"","overlay-type":"","overlay-color":"","overlay-opacity":"","overlay-gradient":""},"mobile":{"background-color":"var(--ast-global-color-5)","background-image":"","background-repeat":"repeat","background-position":"center center","background-size":"auto","background-attachment":"scroll","background-type":"","background-media":"","overlay-type":"","overlay-color":"","overlay-opacity":"","overlay-gradient":""}}},"product_brand":[],"product_cat":[78],"product_tag":[],"class_list":{"0":"post-4635","1":"product","2":"type-product","3":"status-publish","4":"has-post-thumbnail","6":"product_cat-pod","7":"desktop-align-left","8":"tablet-align-left","9":"mobile-align-left","11":"first","12":"outofstock","13":"shipping-taxable","14":"purchasable","15":"product-type-simple"},"_links":{"self":[{"href":"https:\/\/ararattabacaria.com.br\/en\/wp-json\/wp\/v2\/product\/4635","targetHints":{"allow":["GET"]}}],"collection":[{"href":"https:\/\/ararattabacaria.com.br\/en\/wp-json\/wp\/v2\/product"}],"about":[{"href":"https:\/\/ararattabacaria.com.br\/en\/wp-json\/wp\/v2\/types\/product"}],"replies":[{"embeddable":true,"href":"https:\/\/ararattabacaria.com.br\/en\/wp-json\/wp\/v2\/comments?post=4635"}],"version-history":[{"count":1,"href":"https:\/\/ararattabacaria.com.br\/en\/wp-json\/wp\/v2\/product\/4635\/revisions"}],"predecessor-version":[{"id":4637,"href":"https:\/\/ararattabacaria.com.br\/en\/wp-json\/wp\/v2\/product\/4635\/revisions\/4637"}],"wp:featuredmedia":[{"embeddable":true,"href":"https:\/\/ararattabacaria.com.br\/en\/wp-json\/wp\/v2\/media\/4636"}],"wp:attachment":[{"href":"https:\/\/ararattabacaria.com.br\/en\/wp-json\/wp\/v2\/media?parent=4635"}],"wp:term":[{"taxonomy":"product_brand","embeddable":true,"href":"https:\/\/ararattabacaria.com.br\/en\/wp-json\/wp\/v2\/product_brand?post=4635"},{"taxonomy":"product_cat","embeddable":true,"href":"https:\/\/ararattabacaria.com.br\/en\/wp-json\/wp\/v2\/product_cat?post=4635"},{"taxonomy":"product_tag","embeddable":true,"href":"https:\/\/ararattabacaria.com.br\/en\/wp-json\/wp\/v2\/product_tag?post=4635"}],"curies":[{"name":"wp","href":"https:\/\/api.w.org\/{rel}","templated":true}]}}