{"id":4644,"date":"2025-09-14T18:01:09","date_gmt":"2025-09-14T18:01:09","guid":{"rendered":"https:\/\/ararattabacaria.com.br\/?post_type=product&#038;p=4644"},"modified":"2026-01-22T17:11:39","modified_gmt":"2026-01-22T17:11:39","slug":"pod-lost-mary-20000","status":"publish","type":"product","link":"https:\/\/ararattabacaria.com.br\/en\/product\/pod-lost-mary-20000\/","title":{"rendered":"Pod Lost Mary 20000"},"content":{"rendered":"<p>Aten\u00e7\u00e3o: fa\u00e7a sua encomenda e informe o sabor antes de finalizar o pedido. Confirmaremos com voc\u00ea pelo telefone cadastrado. Ap\u00f3s a confirma\u00e7\u00e3o, o envio ser\u00e1 realizado.<\/p>\n<p>&nbsp;<\/p>\n<p>Lan\u00e7amento da Lost Mary 20000 apresenta uma tela de exibi\u00e7\u00e3o maior em compara\u00e7\u00e3o com seus predecessores, proporcionando uma interface visual mais abrangente para os usu\u00e1rios. A tela aprimora a experi\u00eancia do usu\u00e1rio com anima\u00e7\u00f5es mega HD e informa\u00e7\u00f5es importantes sobre o desempenho e configura\u00e7\u00f5es do dispositivo.<\/p>\n<p>&nbsp;<\/p>","protected":false},"excerpt":{"rendered":"<p>Aten\u00e7\u00e3o: fa\u00e7a sua encomenda e informe o sabor antes de finalizar o pedido. Confirmaremos com voc\u00ea pelo telefone cadastrado. Ap\u00f3s a confirma\u00e7\u00e3o, o envio ser\u00e1 realizado.<\/p>\n<p>&nbsp;<\/p>\n<p>Lan\u00e7amento da Lost Mary 20000 apresenta uma tela de exibi\u00e7\u00e3o maior em compara\u00e7\u00e3o com seus predecessores, proporcionando uma interface visual mais abrangente para os usu\u00e1rios. A tela aprimora a experi\u00eancia do usu\u00e1rio com anima\u00e7\u00f5es mega HD e informa\u00e7\u00f5es importantes sobre o desempenho e configura\u00e7\u00f5es do dispositivo.<\/p>\n<p>&nbsp;<\/p>","protected":false},"featured_media":4645,"comment_status":"open","ping_status":"closed","template":"","meta":{"site-sidebar-layout":"default","site-content-layout":"","ast-site-content-layout":"default","site-content-style":"default","site-sidebar-style":"default","ast-global-header-display":"","ast-banner-title-visibility":"","ast-main-header-display":"","ast-hfb-above-header-display":"","ast-hfb-below-header-display":"","ast-hfb-mobile-header-display":"","site-post-title":"","ast-breadcrumbs-content":"","ast-featured-img":"","footer-sml-layout":"","ast-disable-related-posts":"","theme-transparent-header-meta":"default","adv-header-id-meta":"","stick-header-meta":"","header-above-stick-meta":"","header-main-stick-meta":"","header-below-stick-meta":"","astra-migrate-meta-layouts":"set","ast-page-background-enabled":"default","ast-page-background-meta":{"desktop":{"background-color":"","background-image":"","background-repeat":"repeat","background-position":"center center","background-size":"auto","background-attachment":"scroll","background-type":"","background-media":"","overlay-type":"","overlay-color":"","overlay-opacity":"","overlay-gradient":""},"tablet":{"background-color":"","background-image":"","background-repeat":"repeat","background-position":"center center","background-size":"auto","background-attachment":"scroll","background-type":"","background-media":"","overlay-type":"","overlay-color":"","overlay-opacity":"","overlay-gradient":""},"mobile":{"background-color":"","background-image":"","background-repeat":"repeat","background-position":"center center","background-size":"auto","background-attachment":"scroll","background-type":"","background-media":"","overlay-type":"","overlay-color":"","overlay-opacity":"","overlay-gradient":""}},"ast-content-background-meta":{"desktop":{"background-color":"var(--ast-global-color-5)","background-image":"","background-repeat":"repeat","background-position":"center center","background-size":"auto","background-attachment":"scroll","background-type":"","background-media":"","overlay-type":"","overlay-color":"","overlay-opacity":"","overlay-gradient":""},"tablet":{"background-color":"var(--ast-global-color-5)","background-image":"","background-repeat":"repeat","background-position":"center center","background-size":"auto","background-attachment":"scroll","background-type":"","background-media":"","overlay-type":"","overlay-color":"","overlay-opacity":"","overlay-gradient":""},"mobile":{"background-color":"var(--ast-global-color-5)","background-image":"","background-repeat":"repeat","background-position":"center center","background-size":"auto","background-attachment":"scroll","background-type":"","background-media":"","overlay-type":"","overlay-color":"","overlay-opacity":"","overlay-gradient":""}}},"product_brand":[],"product_cat":[78],"product_tag":[],"class_list":{"0":"post-4644","1":"product","2":"type-product","3":"status-publish","4":"has-post-thumbnail","6":"product_cat-pod","7":"desktop-align-left","8":"tablet-align-left","9":"mobile-align-left","11":"first","12":"outofstock","13":"shipping-taxable","14":"product-type-simple"},"_links":{"self":[{"href":"https:\/\/ararattabacaria.com.br\/en\/wp-json\/wp\/v2\/product\/4644","targetHints":{"allow":["GET"]}}],"collection":[{"href":"https:\/\/ararattabacaria.com.br\/en\/wp-json\/wp\/v2\/product"}],"about":[{"href":"https:\/\/ararattabacaria.com.br\/en\/wp-json\/wp\/v2\/types\/product"}],"replies":[{"embeddable":true,"href":"https:\/\/ararattabacaria.com.br\/en\/wp-json\/wp\/v2\/comments?post=4644"}],"version-history":[{"count":1,"href":"https:\/\/ararattabacaria.com.br\/en\/wp-json\/wp\/v2\/product\/4644\/revisions"}],"predecessor-version":[{"id":4646,"href":"https:\/\/ararattabacaria.com.br\/en\/wp-json\/wp\/v2\/product\/4644\/revisions\/4646"}],"wp:featuredmedia":[{"embeddable":true,"href":"https:\/\/ararattabacaria.com.br\/en\/wp-json\/wp\/v2\/media\/4645"}],"wp:attachment":[{"href":"https:\/\/ararattabacaria.com.br\/en\/wp-json\/wp\/v2\/media?parent=4644"}],"wp:term":[{"taxonomy":"product_brand","embeddable":true,"href":"https:\/\/ararattabacaria.com.br\/en\/wp-json\/wp\/v2\/product_brand?post=4644"},{"taxonomy":"product_cat","embeddable":true,"href":"https:\/\/ararattabacaria.com.br\/en\/wp-json\/wp\/v2\/product_cat?post=4644"},{"taxonomy":"product_tag","embeddable":true,"href":"https:\/\/ararattabacaria.com.br\/en\/wp-json\/wp\/v2\/product_tag?post=4644"}],"curies":[{"name":"wp","href":"https:\/\/api.w.org\/{rel}","templated":true}]}}