{"id":4991,"date":"2026-02-09T17:04:50","date_gmt":"2026-02-09T17:04:50","guid":{"rendered":"https:\/\/ararattabacaria.com.br\/?post_type=product&#038;p=4991"},"modified":"2026-04-26T17:38:13","modified_gmt":"2026-04-26T17:38:13","slug":"iqos-iluma-i","status":"publish","type":"product","link":"https:\/\/ararattabacaria.com.br\/en\/product\/iqos-iluma-i\/","title":{"rendered":"IQOS ILUMA i"},"content":{"rendered":"<p>O <strong data-start=\"312\" data-end=\"328\">IQOS ILUMA i<\/strong> faz parte da gera\u00e7\u00e3o mais recente de dispositivos <strong data-start=\"379\" data-end=\"393\">IQOS ILUMA<\/strong>, que usam a tecnologia sem l\u00e2mina de aquecimento (SMARTCORE INDUCTION SYSTEM&#x2122;). Em vez de uma l\u00e2mina tradicional, ele aquece o <strong data-start=\"521\" data-end=\"551\">SMARTCORE&#x2122; stick de tabaco<\/strong> por indu\u00e7\u00e3o diretamente no seu centro isso significa <strong data-start=\"607\" data-end=\"664\">nenhum res\u00edduo, sem cinzas e sem limpeza do aquecedor<\/strong>.<\/p>","protected":false},"excerpt":{"rendered":"<p>O IQOS ILUMA i faz parte da gera\u00e7\u00e3o mais recente de dispositivos IQOS ILUMA, que usam a tecnologia sem l\u00e2mina de aquecimento (SMARTCORE INDUCTION SYSTEM&#x2122;). Em vez de uma l\u00e2mina tradicional, ele aquece o SMARTCORE&#x2122; stick de tabaco por indu\u00e7\u00e3o diretamente no seu centro isso significa nenhum res\u00edduo, sem cinzas e sem limpeza do aquecedor.<\/p>","protected":false},"featured_media":4999,"comment_status":"open","ping_status":"closed","template":"","meta":{"site-sidebar-layout":"default","site-content-layout":"","ast-site-content-layout":"default","site-content-style":"default","site-sidebar-style":"default","ast-global-header-display":"","ast-banner-title-visibility":"","ast-main-header-display":"","ast-hfb-above-header-display":"","ast-hfb-below-header-display":"","ast-hfb-mobile-header-display":"","site-post-title":"","ast-breadcrumbs-content":"","ast-featured-img":"","footer-sml-layout":"","ast-disable-related-posts":"","theme-transparent-header-meta":"default","adv-header-id-meta":"","stick-header-meta":"","header-above-stick-meta":"","header-main-stick-meta":"","header-below-stick-meta":"","astra-migrate-meta-layouts":"set","ast-page-background-enabled":"default","ast-page-background-meta":{"desktop":{"background-color":"","background-image":"","background-repeat":"repeat","background-position":"center center","background-size":"auto","background-attachment":"scroll","background-type":"","background-media":"","overlay-type":"","overlay-color":"","overlay-opacity":"","overlay-gradient":""},"tablet":{"background-color":"","background-image":"","background-repeat":"repeat","background-position":"center center","background-size":"auto","background-attachment":"scroll","background-type":"","background-media":"","overlay-type":"","overlay-color":"","overlay-opacity":"","overlay-gradient":""},"mobile":{"background-color":"","background-image":"","background-repeat":"repeat","background-position":"center center","background-size":"auto","background-attachment":"scroll","background-type":"","background-media":"","overlay-type":"","overlay-color":"","overlay-opacity":"","overlay-gradient":""}},"ast-content-background-meta":{"desktop":{"background-color":"var(--ast-global-color-5)","background-image":"","background-repeat":"repeat","background-position":"center center","background-size":"auto","background-attachment":"scroll","background-type":"","background-media":"","overlay-type":"","overlay-color":"","overlay-opacity":"","overlay-gradient":""},"tablet":{"background-color":"var(--ast-global-color-5)","background-image":"","background-repeat":"repeat","background-position":"center center","background-size":"auto","background-attachment":"scroll","background-type":"","background-media":"","overlay-type":"","overlay-color":"","overlay-opacity":"","overlay-gradient":""},"mobile":{"background-color":"var(--ast-global-color-5)","background-image":"","background-repeat":"repeat","background-position":"center center","background-size":"auto","background-attachment":"scroll","background-type":"","background-media":"","overlay-type":"","overlay-color":"","overlay-opacity":"","overlay-gradient":""}}},"product_brand":[],"product_cat":[63],"product_tag":[],"class_list":{"0":"post-4991","1":"product","2":"type-product","3":"status-publish","4":"has-post-thumbnail","6":"product_cat-iqos-iluma","7":"desktop-align-left","8":"tablet-align-left","9":"mobile-align-left","11":"first","12":"instock","13":"shipping-taxable","14":"purchasable","15":"product-type-variable"},"_links":{"self":[{"href":"https:\/\/ararattabacaria.com.br\/en\/wp-json\/wp\/v2\/product\/4991","targetHints":{"allow":["GET"]}}],"collection":[{"href":"https:\/\/ararattabacaria.com.br\/en\/wp-json\/wp\/v2\/product"}],"about":[{"href":"https:\/\/ararattabacaria.com.br\/en\/wp-json\/wp\/v2\/types\/product"}],"replies":[{"embeddable":true,"href":"https:\/\/ararattabacaria.com.br\/en\/wp-json\/wp\/v2\/comments?post=4991"}],"version-history":[{"count":1,"href":"https:\/\/ararattabacaria.com.br\/en\/wp-json\/wp\/v2\/product\/4991\/revisions"}],"predecessor-version":[{"id":5000,"href":"https:\/\/ararattabacaria.com.br\/en\/wp-json\/wp\/v2\/product\/4991\/revisions\/5000"}],"wp:featuredmedia":[{"embeddable":true,"href":"https:\/\/ararattabacaria.com.br\/en\/wp-json\/wp\/v2\/media\/4999"}],"wp:attachment":[{"href":"https:\/\/ararattabacaria.com.br\/en\/wp-json\/wp\/v2\/media?parent=4991"}],"wp:term":[{"taxonomy":"product_brand","embeddable":true,"href":"https:\/\/ararattabacaria.com.br\/en\/wp-json\/wp\/v2\/product_brand?post=4991"},{"taxonomy":"product_cat","embeddable":true,"href":"https:\/\/ararattabacaria.com.br\/en\/wp-json\/wp\/v2\/product_cat?post=4991"},{"taxonomy":"product_tag","embeddable":true,"href":"https:\/\/ararattabacaria.com.br\/en\/wp-json\/wp\/v2\/product_tag?post=4991"}],"curies":[{"name":"wp","href":"https:\/\/api.w.org\/{rel}","templated":true}]}}